{"id":87,"date":"2022-12-12T20:34:52","date_gmt":"2022-12-12T20:34:52","guid":{"rendered":"https:\/\/blaeserensemble-marktoberdorf.de\/?page_id=87"},"modified":"2026-03-23T22:06:26","modified_gmt":"2026-03-23T22:06:26","slug":"ueber-uns","status":"publish","type":"page","link":"https:\/\/blaeserensemble-marktoberdorf.de\/?page_id=87","title":{"rendered":"\u00dcber uns"},"content":{"rendered":"\n<figure class=\"wp-block-image size-full\"><img loading=\"lazy\" decoding=\"async\" width=\"1019\" height=\"434\" src=\"https:\/\/blaeserensemble-marktoberdorf.de\/wp-content\/uploads\/2023\/07\/cropped-Screenshot_20230729-234034-552.png\" alt=\"\" class=\"wp-image-165\" srcset=\"https:\/\/blaeserensemble-marktoberdorf.de\/wp-content\/uploads\/2023\/07\/cropped-Screenshot_20230729-234034-552.png 1019w, https:\/\/blaeserensemble-marktoberdorf.de\/wp-content\/uploads\/2023\/07\/cropped-Screenshot_20230729-234034-552-300x128.png 300w, https:\/\/blaeserensemble-marktoberdorf.de\/wp-content\/uploads\/2023\/07\/cropped-Screenshot_20230729-234034-552-768x327.png 768w\" sizes=\"auto, (max-width: 1019px) 100vw, 1019px\" \/><\/figure>\n\n\n\n<div class=\"wp-block-group\"><div class=\"wp-block-group__inner-container is-layout-flow wp-block-group-is-layout-flow\">\n<p>Das Bl\u00e4serensemble Marktoberdorf wurde vor 40 Jahren als Amateurensemble zur Pflege der Literatur f\u00fcr Ensembles mit Blechblasinstrumenten gegr\u00fcndet.<\/p>\n\n\n\n<p>Nach Phasen als Quartett, Quintett, Sextett und Oktett fand das Ensemble 1995 seine jetzige Besetzung als Tentett.<\/p>\n\n\n<div class=\"wp-block-image\">\n<figure class=\"aligncenter size-large\"><img loading=\"lazy\" decoding=\"async\" width=\"1024\" height=\"768\" src=\"https:\/\/blaeserensemble-marktoberdorf.de\/wp-content\/uploads\/2022\/12\/P1040517-1024x768.jpg\" alt=\"\" class=\"wp-image-86\" srcset=\"https:\/\/blaeserensemble-marktoberdorf.de\/wp-content\/uploads\/2022\/12\/P1040517-1024x768.jpg 1024w, https:\/\/blaeserensemble-marktoberdorf.de\/wp-content\/uploads\/2022\/12\/P1040517-300x225.jpg 300w, https:\/\/blaeserensemble-marktoberdorf.de\/wp-content\/uploads\/2022\/12\/P1040517-768x576.jpg 768w, https:\/\/blaeserensemble-marktoberdorf.de\/wp-content\/uploads\/2022\/12\/P1040517-1536x1152.jpg 1536w, https:\/\/blaeserensemble-marktoberdorf.de\/wp-content\/uploads\/2022\/12\/P1040517-1568x1176.jpg 1568w, https:\/\/blaeserensemble-marktoberdorf.de\/wp-content\/uploads\/2022\/12\/P1040517.jpg 2048w\" sizes=\"auto, (max-width: 1024px) 100vw, 1024px\" \/><figcaption class=\"wp-element-caption\">Allj\u00e4hrliches Sonnwendkonzert auf der Burgruine Hohenfreyberg<\/figcaption><\/figure>\n<\/div>\n\n\n<p>Da diese Besetzung mit 4 Trompeten, 4 Posaunen, Horn und Tuba durch Philip Jones und sein Philip Jones Brass Ensemble (heute: London Brass) sehr bekannt wurde, gibt es f\u00fcr diese Besetzung au\u00dferordentlich viele und gute Bearbeitungen und Originalkompositionen. Die musikalische Qualit\u00e4t dieser Werke war ein besonderer Ansporn f\u00fcr unser Ensemble. Durch German Brass, ein Ensemble gleicher Zusammensetzung, entstand ein zus\u00e4tzlicher Anreiz.<\/p>\n\n\n\n<p>Die Mitglieder des Bl\u00e4serensembles Marktoberdorf sind jedoch ausschlie\u00dflich Laienmusiker, die einmal w\u00f6chentlich in Marktoberdorf zur Probe aus einem Umkreis von ca. 30 km zusammenkommen. Viele Ensemblemitglieder spielen nach wie vor in ihren \u00f6rtlichen Blasorchestern, einige auch in anderen musikalischen Formationen.<\/p>\n\n\n\n<figure class=\"wp-block-image size-full\"><img loading=\"lazy\" decoding=\"async\" width=\"1020\" height=\"519\" src=\"https:\/\/blaeserensemble-marktoberdorf.de\/wp-content\/uploads\/2023\/07\/cropped-Screenshot_20230729-233533-825.png\" alt=\"\" class=\"wp-image-159\" srcset=\"https:\/\/blaeserensemble-marktoberdorf.de\/wp-content\/uploads\/2023\/07\/cropped-Screenshot_20230729-233533-825.png 1020w, https:\/\/blaeserensemble-marktoberdorf.de\/wp-content\/uploads\/2023\/07\/cropped-Screenshot_20230729-233533-825-300x153.png 300w, https:\/\/blaeserensemble-marktoberdorf.de\/wp-content\/uploads\/2023\/07\/cropped-Screenshot_20230729-233533-825-768x391.png 768w\" sizes=\"auto, (max-width: 1020px) 100vw, 1020px\" \/><\/figure>\n\n\n\n<p>Das Ensemble tritt im Laufe eines Jahres in rund&nbsp;15 Konzerten in der ganzen Region auf, darunter in bekannten Kirchen wie dem Rokoko-Juwel Wieskirche oder der Benediktiner-Basilika von Ottobeuren.<\/p>\n\n\n\n<p>Der Erl\u00f6s fast all dieser Konzerte kommt sozial-karitativen Zwecken zugute.<\/p>\n\n\n\n<p>Die Besucher der Musikwoche auf Schloss Neuschwanstein wurden viele Jahre vom Bl\u00e4serensemble Marktoberdorf beim Er\u00f6ffnungskonzert und zum Schlusskonzert musikalisch im Schlosshof begr\u00fc\u00dft. Auch neue Spielzeiten von Musicals im Festspielhaus F\u00fcssen werden vom Bl\u00e4serensemble feierlich umrahmt.<\/p>\n\n\n\n<p>Dar\u00fcber hinaus unternimmt das Ensemble immer wieder Auslandsreisen, die bisher nach Italien, Spanien, Slowenien, Belgien und auch nach Brasilien gef\u00fchrt haben (17 Konzerte, u.a. im Opernhaus in Manaos). Au\u00dferdem unternahm das Ensemble eine Konzertreise nach Argentinien, arbeitete in 3 Workshops mit jungen argentinischen Musikern und gab 8 Konzerte an sieben verschiedenen Orten, u.a. im Teatro Colon in Buenos Aires.&nbsp;<\/p>\n\n\n\n<p>Bisher wurden drei CDs vom Ensemble herausgegeben. Beim Kammermusik \u2013 Wettbewerb der Bayerischen Blasmusikverb\u00e4nde im M\u00e4rz 2000, wurde das Ensemble in seiner Kategorie Landessieger.&nbsp;<\/p>\n\n\n\n<p>Neben der Originalliteratur aus dem 17. und 20. Jahrhundert spielt das Ensemble eigene Bearbeitungen die vom 17. Jahrhundert bis in die Moderne reichen. Eine Besonderheit hierbei ist, dass neben dem musikalischen Leiter auch Musiker des Ensembles regelm\u00e4\u00dfig Bearbeitungen und Arrangements f\u00fcr Konzerte schreiben.<\/p>\n\n\n\n<figure class=\"wp-block-image size-large\"><img loading=\"lazy\" decoding=\"async\" width=\"1024\" height=\"683\" src=\"https:\/\/blaeserensemble-marktoberdorf.de\/wp-content\/uploads\/2023\/07\/Blaeserensemble_MOD-8498_small-1024x683.jpg\" alt=\"\" class=\"wp-image-189\" srcset=\"https:\/\/blaeserensemble-marktoberdorf.de\/wp-content\/uploads\/2023\/07\/Blaeserensemble_MOD-8498_small-1024x683.jpg 1024w, https:\/\/blaeserensemble-marktoberdorf.de\/wp-content\/uploads\/2023\/07\/Blaeserensemble_MOD-8498_small-300x200.jpg 300w, https:\/\/blaeserensemble-marktoberdorf.de\/wp-content\/uploads\/2023\/07\/Blaeserensemble_MOD-8498_small-768x512.jpg 768w, https:\/\/blaeserensemble-marktoberdorf.de\/wp-content\/uploads\/2023\/07\/Blaeserensemble_MOD-8498_small-1536x1024.jpg 1536w, https:\/\/blaeserensemble-marktoberdorf.de\/wp-content\/uploads\/2023\/07\/Blaeserensemble_MOD-8498_small-2048x1365.jpg 2048w\" sizes=\"auto, (max-width: 1024px) 100vw, 1024px\" \/><\/figure>\n\n\n\n<p>Trotz des hohen Schwierigkeitsgrades spielt das Ensemble nach wie vor gerne Bearbeitungen, die f\u00fcr das Philip Jones Brass Ensemble, London Brass und German Brass geschrieben wurden.&nbsp;<\/p>\n\n\n\n<p>Gerne bietet das Ensemble nach Wunsch auch kleinere Besetzungen vom Quartett bis Oktett als &#8222;Bayrische Blechbl\u00e4sermusik&#8220; an.<\/p>\n<\/div><\/div>\n","protected":false},"excerpt":{"rendered":"<p>Das Bl\u00e4serensemble Marktoberdorf wurde vor 40 Jahren als Amateurensemble zur Pflege der Literatur f\u00fcr Ensembles mit Blechblasinstrumenten gegr\u00fcndet. Nach Phasen als Quartett, Quintett, Sextett und Oktett fand das Ensemble 1995<\/p>\n<p class=\"more-link\"><a class=\"button\" href=\"https:\/\/blaeserensemble-marktoberdorf.de\/?page_id=87\" class=\"readmore\">Continue reading<span class=\"screen-reader-text\">\u00dcber uns<\/span><\/a><\/p>\n","protected":false},"author":1,"featured_media":0,"parent":0,"menu_order":0,"comment_status":"closed","ping_status":"closed","template":"","meta":{"footnotes":""},"class_list":["post-87","page","type-page","status-publish","hentry"],"yoast_head":"<!-- This site is optimized with the Yoast SEO plugin v27.2 - https:\/\/yoast.com\/product\/yoast-seo-wordpress\/ -->\n<title>\u00dcber uns - Bl\u00e4serensemble Marktoberdorf<\/title>\n<meta name=\"description\" content=\"Erfahre mehr \u00fcber das Bl\u00e4serensemble Marktoberdorf \u2013 Geschichte, Musiker und unser Repertoire.\" \/>\n<meta name=\"robots\" content=\"index, follow, max-snippet:-1, max-image-preview:large, max-video-preview:-1\" \/>\n<link rel=\"canonical\" href=\"https:\/\/blaeserensemble-marktoberdorf.de\/?page_id=87\" \/>\n<meta property=\"og:locale\" content=\"de_DE\" \/>\n<meta property=\"og:type\" content=\"article\" \/>\n<meta property=\"og:title\" content=\"\u00dcber uns - Bl\u00e4serensemble Marktoberdorf\" \/>\n<meta property=\"og:description\" content=\"Erfahre mehr \u00fcber das Bl\u00e4serensemble Marktoberdorf \u2013 Geschichte, Musiker und unser Repertoire.\" \/>\n<meta property=\"og:url\" content=\"https:\/\/blaeserensemble-marktoberdorf.de\/?page_id=87\" \/>\n<meta property=\"og:site_name\" content=\"Bl\u00e4serensemble Marktoberdorf\" \/>\n<meta property=\"article:modified_time\" content=\"2026-03-23T22:06:26+00:00\" \/>\n<meta property=\"og:image\" content=\"https:\/\/blaeserensemble-marktoberdorf.de\/wp-content\/uploads\/2023\/07\/cropped-Screenshot_20230729-234034-552.png\" \/>\n\t<meta property=\"og:image:width\" content=\"1019\" \/>\n\t<meta property=\"og:image:height\" content=\"434\" \/>\n\t<meta property=\"og:image:type\" content=\"image\/png\" \/>\n<meta name=\"twitter:card\" content=\"summary_large_image\" \/>\n<meta name=\"twitter:label1\" content=\"Gesch\u00e4tzte Lesezeit\" \/>\n\t<meta name=\"twitter:data1\" content=\"3\u00a0Minuten\" \/>\n<script type=\"application\/ld+json\" class=\"yoast-schema-graph\">{\"@context\":\"https:\/\/schema.org\",\"@graph\":[{\"@type\":\"WebPage\",\"@id\":\"https:\/\/blaeserensemble-marktoberdorf.de\/?page_id=87\",\"url\":\"https:\/\/blaeserensemble-marktoberdorf.de\/?page_id=87\",\"name\":\"\u00dcber uns - Bl\u00e4serensemble Marktoberdorf\",\"isPartOf\":{\"@id\":\"https:\/\/blaeserensemble-marktoberdorf.de\/#website\"},\"primaryImageOfPage\":{\"@id\":\"https:\/\/blaeserensemble-marktoberdorf.de\/?page_id=87#primaryimage\"},\"image\":{\"@id\":\"https:\/\/blaeserensemble-marktoberdorf.de\/?page_id=87#primaryimage\"},\"thumbnailUrl\":\"https:\/\/blaeserensemble-marktoberdorf.de\/wp-content\/uploads\/2023\/07\/cropped-Screenshot_20230729-234034-552.png\",\"datePublished\":\"2022-12-12T20:34:52+00:00\",\"dateModified\":\"2026-03-23T22:06:26+00:00\",\"description\":\"Erfahre mehr \u00fcber das Bl\u00e4serensemble Marktoberdorf \u2013 Geschichte, Musiker und unser Repertoire.\",\"breadcrumb\":{\"@id\":\"https:\/\/blaeserensemble-marktoberdorf.de\/?page_id=87#breadcrumb\"},\"inLanguage\":\"de\",\"potentialAction\":[{\"@type\":\"ReadAction\",\"target\":[\"https:\/\/blaeserensemble-marktoberdorf.de\/?page_id=87\"]}]},{\"@type\":\"ImageObject\",\"inLanguage\":\"de\",\"@id\":\"https:\/\/blaeserensemble-marktoberdorf.de\/?page_id=87#primaryimage\",\"url\":\"https:\/\/blaeserensemble-marktoberdorf.de\/wp-content\/uploads\/2023\/07\/cropped-Screenshot_20230729-234034-552.png\",\"contentUrl\":\"https:\/\/blaeserensemble-marktoberdorf.de\/wp-content\/uploads\/2023\/07\/cropped-Screenshot_20230729-234034-552.png\",\"width\":1019,\"height\":434},{\"@type\":\"BreadcrumbList\",\"@id\":\"https:\/\/blaeserensemble-marktoberdorf.de\/?page_id=87#breadcrumb\",\"itemListElement\":[{\"@type\":\"ListItem\",\"position\":1,\"name\":\"Start\",\"item\":\"https:\/\/blaeserensemble-marktoberdorf.de\/\"},{\"@type\":\"ListItem\",\"position\":2,\"name\":\"\u00dcber uns\"}]},{\"@type\":\"WebSite\",\"@id\":\"https:\/\/blaeserensemble-marktoberdorf.de\/#website\",\"url\":\"https:\/\/blaeserensemble-marktoberdorf.de\/\",\"name\":\"Bl\u00e4serensemble Marktoberdorf\",\"description\":\"\",\"publisher\":{\"@id\":\"https:\/\/blaeserensemble-marktoberdorf.de\/#organization\"},\"potentialAction\":[{\"@type\":\"SearchAction\",\"target\":{\"@type\":\"EntryPoint\",\"urlTemplate\":\"https:\/\/blaeserensemble-marktoberdorf.de\/?s={search_term_string}\"},\"query-input\":{\"@type\":\"PropertyValueSpecification\",\"valueRequired\":true,\"valueName\":\"search_term_string\"}}],\"inLanguage\":\"de\"},{\"@type\":\"Organization\",\"@id\":\"https:\/\/blaeserensemble-marktoberdorf.de\/#organization\",\"name\":\"Bl\u00e4serensemble Marktoberdorf\",\"url\":\"https:\/\/blaeserensemble-marktoberdorf.de\/\",\"logo\":{\"@type\":\"ImageObject\",\"inLanguage\":\"de\",\"@id\":\"https:\/\/blaeserensemble-marktoberdorf.de\/#\/schema\/logo\/image\/\",\"url\":\"https:\/\/blaeserensemble-marktoberdorf.de\/wp-content\/uploads\/2026\/03\/favicon.png\",\"contentUrl\":\"https:\/\/blaeserensemble-marktoberdorf.de\/wp-content\/uploads\/2026\/03\/favicon.png\",\"width\":512,\"height\":512,\"caption\":\"Bl\u00e4serensemble Marktoberdorf\"},\"image\":{\"@id\":\"https:\/\/blaeserensemble-marktoberdorf.de\/#\/schema\/logo\/image\/\"}}]}<\/script>\n<!-- \/ Yoast SEO plugin. -->","yoast_head_json":{"title":"\u00dcber uns - Bl\u00e4serensemble Marktoberdorf","description":"Erfahre mehr \u00fcber das Bl\u00e4serensemble Marktoberdorf \u2013 Geschichte, Musiker und unser Repertoire.","robots":{"index":"index","follow":"follow","max-snippet":"max-snippet:-1","max-image-preview":"max-image-preview:large","max-video-preview":"max-video-preview:-1"},"canonical":"https:\/\/blaeserensemble-marktoberdorf.de\/?page_id=87","og_locale":"de_DE","og_type":"article","og_title":"\u00dcber uns - Bl\u00e4serensemble Marktoberdorf","og_description":"Erfahre mehr \u00fcber das Bl\u00e4serensemble Marktoberdorf \u2013 Geschichte, Musiker und unser Repertoire.","og_url":"https:\/\/blaeserensemble-marktoberdorf.de\/?page_id=87","og_site_name":"Bl\u00e4serensemble Marktoberdorf","article_modified_time":"2026-03-23T22:06:26+00:00","og_image":[{"width":1019,"height":434,"url":"https:\/\/blaeserensemble-marktoberdorf.de\/wp-content\/uploads\/2023\/07\/cropped-Screenshot_20230729-234034-552.png","type":"image\/png"}],"twitter_card":"summary_large_image","twitter_misc":{"Gesch\u00e4tzte Lesezeit":"3\u00a0Minuten"},"schema":{"@context":"https:\/\/schema.org","@graph":[{"@type":"WebPage","@id":"https:\/\/blaeserensemble-marktoberdorf.de\/?page_id=87","url":"https:\/\/blaeserensemble-marktoberdorf.de\/?page_id=87","name":"\u00dcber uns - Bl\u00e4serensemble Marktoberdorf","isPartOf":{"@id":"https:\/\/blaeserensemble-marktoberdorf.de\/#website"},"primaryImageOfPage":{"@id":"https:\/\/blaeserensemble-marktoberdorf.de\/?page_id=87#primaryimage"},"image":{"@id":"https:\/\/blaeserensemble-marktoberdorf.de\/?page_id=87#primaryimage"},"thumbnailUrl":"https:\/\/blaeserensemble-marktoberdorf.de\/wp-content\/uploads\/2023\/07\/cropped-Screenshot_20230729-234034-552.png","datePublished":"2022-12-12T20:34:52+00:00","dateModified":"2026-03-23T22:06:26+00:00","description":"Erfahre mehr \u00fcber das Bl\u00e4serensemble Marktoberdorf \u2013 Geschichte, Musiker und unser Repertoire.","breadcrumb":{"@id":"https:\/\/blaeserensemble-marktoberdorf.de\/?page_id=87#breadcrumb"},"inLanguage":"de","potentialAction":[{"@type":"ReadAction","target":["https:\/\/blaeserensemble-marktoberdorf.de\/?page_id=87"]}]},{"@type":"ImageObject","inLanguage":"de","@id":"https:\/\/blaeserensemble-marktoberdorf.de\/?page_id=87#primaryimage","url":"https:\/\/blaeserensemble-marktoberdorf.de\/wp-content\/uploads\/2023\/07\/cropped-Screenshot_20230729-234034-552.png","contentUrl":"https:\/\/blaeserensemble-marktoberdorf.de\/wp-content\/uploads\/2023\/07\/cropped-Screenshot_20230729-234034-552.png","width":1019,"height":434},{"@type":"BreadcrumbList","@id":"https:\/\/blaeserensemble-marktoberdorf.de\/?page_id=87#breadcrumb","itemListElement":[{"@type":"ListItem","position":1,"name":"Start","item":"https:\/\/blaeserensemble-marktoberdorf.de\/"},{"@type":"ListItem","position":2,"name":"\u00dcber uns"}]},{"@type":"WebSite","@id":"https:\/\/blaeserensemble-marktoberdorf.de\/#website","url":"https:\/\/blaeserensemble-marktoberdorf.de\/","name":"Bl\u00e4serensemble Marktoberdorf","description":"","publisher":{"@id":"https:\/\/blaeserensemble-marktoberdorf.de\/#organization"},"potentialAction":[{"@type":"SearchAction","target":{"@type":"EntryPoint","urlTemplate":"https:\/\/blaeserensemble-marktoberdorf.de\/?s={search_term_string}"},"query-input":{"@type":"PropertyValueSpecification","valueRequired":true,"valueName":"search_term_string"}}],"inLanguage":"de"},{"@type":"Organization","@id":"https:\/\/blaeserensemble-marktoberdorf.de\/#organization","name":"Bl\u00e4serensemble Marktoberdorf","url":"https:\/\/blaeserensemble-marktoberdorf.de\/","logo":{"@type":"ImageObject","inLanguage":"de","@id":"https:\/\/blaeserensemble-marktoberdorf.de\/#\/schema\/logo\/image\/","url":"https:\/\/blaeserensemble-marktoberdorf.de\/wp-content\/uploads\/2026\/03\/favicon.png","contentUrl":"https:\/\/blaeserensemble-marktoberdorf.de\/wp-content\/uploads\/2026\/03\/favicon.png","width":512,"height":512,"caption":"Bl\u00e4serensemble Marktoberdorf"},"image":{"@id":"https:\/\/blaeserensemble-marktoberdorf.de\/#\/schema\/logo\/image\/"}}]}},"jetpack_sharing_enabled":true,"_links":{"self":[{"href":"https:\/\/blaeserensemble-marktoberdorf.de\/index.php?rest_route=\/wp\/v2\/pages\/87","targetHints":{"allow":["GET"]}}],"collection":[{"href":"https:\/\/blaeserensemble-marktoberdorf.de\/index.php?rest_route=\/wp\/v2\/pages"}],"about":[{"href":"https:\/\/blaeserensemble-marktoberdorf.de\/index.php?rest_route=\/wp\/v2\/types\/page"}],"author":[{"embeddable":true,"href":"https:\/\/blaeserensemble-marktoberdorf.de\/index.php?rest_route=\/wp\/v2\/users\/1"}],"replies":[{"embeddable":true,"href":"https:\/\/blaeserensemble-marktoberdorf.de\/index.php?rest_route=%2Fwp%2Fv2%2Fcomments&post=87"}],"version-history":[{"count":12,"href":"https:\/\/blaeserensemble-marktoberdorf.de\/index.php?rest_route=\/wp\/v2\/pages\/87\/revisions"}],"predecessor-version":[{"id":331,"href":"https:\/\/blaeserensemble-marktoberdorf.de\/index.php?rest_route=\/wp\/v2\/pages\/87\/revisions\/331"}],"wp:attachment":[{"href":"https:\/\/blaeserensemble-marktoberdorf.de\/index.php?rest_route=%2Fwp%2Fv2%2Fmedia&parent=87"}],"curies":[{"name":"wp","href":"https:\/\/api.w.org\/{rel}","templated":true}]}}